{"id":26877,"date":"2015-01-07T14:57:02","date_gmt":"2015-01-07T13:57:02","guid":{"rendered":"https:\/\/www.charminly.com\/vision\/"},"modified":"2018-03-31T09:48:45","modified_gmt":"2018-03-31T07:48:45","slug":"philosophie","status":"publish","type":"page","link":"https:\/\/www.charminly.com\/fr\/philosophie\/","title":{"rendered":"Philosophie"},"content":{"rendered":"<div class=\"wpb-content-wrapper\"><p>[vc_row][vc_column][vc_column_text]<\/p>\n<h5><strong>Charminly<\/strong><strong>\u00a0n\u2019est pas un portail mais un monde :<\/strong><\/h5>\n<p>Un monde o\u00f9 vous trouverez de petites structures de charme que nous avons personnellement s\u00e9lectionn\u00e9es, une par une. Relais, bed & breakfast ou agritourisme, au-del\u00e0 de leur typologie, ces structures ont leur propre style, leur caract\u00e8re, leur histoire. Mais elles ont en commun une atmosph\u00e8re chaleureuse et accueillante et vous offriront le sentiment d&rsquo;\u00eatre chez vous.<\/p>\n<h5><strong>Charminly<\/strong><strong>\u00a0a une dimension et des temps <\/strong><strong>sp\u00e9cifiques <\/strong><strong>:<\/strong><\/h5>\n<p>Les propri\u00e9taires qui ont redonn\u00e9 une vie \u00e0 de vieilles maisons de campagne ou \u00e0 des villas de famille, solidement ancr\u00e9es \u00e0 leur terre, sont les gardiens des valeurs anciennes ; ils vous accueillent personnellement dans leur maison et ont de belles histoires \u00e0 vous raconter.<\/p>\n<h5><strong>Charminly<\/strong><strong>\u00a0n\u2019est pas une marque, c\u2019est une philosophie :<\/strong><\/h5>\n<p>L&rsquo;\u00e9ducation, la culture, le respect de l&rsquo;autre et de l&rsquo;environnement, l&rsquo;hospitalit\u00e9, la passion, la chaleur et la sensibilit\u00e9 sont les pierres angulaires autour desquelles coule la vie de ceux qui les suivent, les valeurs \u00e0 partager avec leurs h\u00f4tes.<\/p>\n<h5><strong>Charminly<\/strong><strong>\u00a0n\u2019est pas que de l\u2019hospitalit\u00e9, c\u2019est beaucoup plus :<\/strong><\/h5>\n<p>Art, culture, histoire, saveurs, nature, traditions. Les h\u00f4tes de ce monde sont un peu particuliers : respectueux, attentifs \u00e0 l&rsquo;histoire de ceux qui les accueillent, int\u00e9ress\u00e9s et d\u00e9sireux de d\u00e9couvrir les tr\u00e9sors de la terre qui les entoure, de l&rsquo;Italie la plus authentique.<\/p>\n<h5><strong>Chaque territoire est un \u00e9crin plein de tr\u00e9sors, nous vous invitons \u00e0 les d\u00e9couvrir avec nous.<\/strong><\/h5>\n<p>[\/vc_column_text][\/vc_column][\/vc_row]<\/p>\n<\/div>","protected":false},"excerpt":{"rendered":"<p>[vc_row][vc_column][vc_column_text] Charminly\u00a0n\u2019est pas un portail mais un monde : Un monde o\u00f9 vous trouverez de petites structures de charme que nous avons personnellement s\u00e9lectionn\u00e9es, une par une. Relais, bed &#038; breakfast ou agritourisme, au-del\u00e0 de leur typologie, ces structures ont leur propre style, leur caract\u00e8re, leur histoire. Mais elles ont en commun une atmosph\u00e8re chaleureuse et accueillante et vous offriront le sentiment d&rsquo;\u00eatre chez &#8230;<\/p>\n","protected":false},"author":2,"featured_media":-1,"parent":0,"menu_order":0,"comment_status":"closed","ping_status":"closed","template":"","meta":{"_acf_changed":false,"footnotes":""},"class_list":["post-26877","page","type-page","status-publish","has-post-thumbnail","hentry"],"acf":[],"yoast_head":"<!-- This site is optimized with the Yoast SEO plugin v23.9 - https:\/\/yoast.com\/wordpress\/plugins\/seo\/ -->\n<title>Charminly your world hotels of charme in Italy<\/title>\n<meta name=\"robots\" content=\"index, follow, max-snippet:-1, max-image-preview:large, max-video-preview:-1\" \/>\n<link rel=\"canonical\" href=\"https:\/\/www.charminly.com\/fr\/philosophie\/\" \/>\n<meta property=\"og:locale\" content=\"fr_FR\" \/>\n<meta property=\"og:type\" content=\"article\" \/>\n<meta property=\"og:title\" content=\"Charminly your world hotels of charme in Italy\" \/>\n<meta property=\"og:description\" content=\"[vc_row][vc_column][vc_column_text] Charminly\u00a0n\u2019est pas un portail mais un monde : Un monde o\u00f9 vous trouverez de petites structures de charme que nous avons personnellement s\u00e9lectionn\u00e9es, une par une. Relais, bed &amp; breakfast ou agritourisme, au-del\u00e0 de leur typologie, ces structures ont leur propre style, leur caract\u00e8re, leur histoire. Mais elles ont en commun une atmosph\u00e8re chaleureuse et accueillante et vous offriront le sentiment d&rsquo;\u00eatre chez ...\" \/>\n<meta property=\"og:url\" content=\"https:\/\/www.charminly.com\/fr\/philosophie\/\" \/>\n<meta property=\"article:publisher\" content=\"https:\/\/www.facebook.com\/charminlyitalia\/\" \/>\n<meta property=\"article:modified_time\" content=\"2018-03-31T07:48:45+00:00\" \/>\n<meta name=\"twitter:card\" content=\"summary_large_image\" \/>\n<meta name=\"twitter:site\" content=\"@charminly_com\" \/>\n<meta name=\"twitter:label1\" content=\"Dur\u00e9e de lecture estim\u00e9e\" \/>\n\t<meta name=\"twitter:data1\" content=\"1 minute\" \/>\n<script type=\"application\/ld+json\" class=\"yoast-schema-graph\">{\"@context\":\"https:\/\/schema.org\",\"@graph\":[{\"@type\":\"WebPage\",\"@id\":\"https:\/\/www.charminly.com\/fr\/philosophie\/\",\"url\":\"https:\/\/www.charminly.com\/fr\/philosophie\/\",\"name\":\"Charminly your world hotels of charme in Italy\",\"isPartOf\":{\"@id\":\"https:\/\/www.charminly.com\/fr\/#website\"},\"datePublished\":\"2015-01-07T13:57:02+00:00\",\"dateModified\":\"2018-03-31T07:48:45+00:00\",\"breadcrumb\":{\"@id\":\"https:\/\/www.charminly.com\/fr\/philosophie\/#breadcrumb\"},\"inLanguage\":\"fr-FR\",\"potentialAction\":[{\"@type\":\"ReadAction\",\"target\":[\"https:\/\/www.charminly.com\/fr\/philosophie\/\"]}]},{\"@type\":\"BreadcrumbList\",\"@id\":\"https:\/\/www.charminly.com\/fr\/philosophie\/#breadcrumb\",\"itemListElement\":[{\"@type\":\"ListItem\",\"position\":1,\"name\":\"Home\",\"item\":\"https:\/\/www.charminly.com\/fr\/\"},{\"@type\":\"ListItem\",\"position\":2,\"name\":\"Philosophie\"}]},{\"@type\":\"WebSite\",\"@id\":\"https:\/\/www.charminly.com\/fr\/#website\",\"url\":\"https:\/\/www.charminly.com\/fr\/\",\"name\":\"\",\"description\":\"\",\"publisher\":{\"@id\":\"https:\/\/www.charminly.com\/fr\/#organization\"},\"potentialAction\":[{\"@type\":\"SearchAction\",\"target\":{\"@type\":\"EntryPoint\",\"urlTemplate\":\"https:\/\/www.charminly.com\/fr\/?s={search_term_string}\"},\"query-input\":{\"@type\":\"PropertyValueSpecification\",\"valueRequired\":true,\"valueName\":\"search_term_string\"}}],\"inLanguage\":\"fr-FR\"},{\"@type\":\"Organization\",\"@id\":\"https:\/\/www.charminly.com\/fr\/#organization\",\"name\":\"Charminly.com\",\"url\":\"https:\/\/www.charminly.com\/fr\/\",\"logo\":{\"@type\":\"ImageObject\",\"inLanguage\":\"fr-FR\",\"@id\":\"https:\/\/www.charminly.com\/fr\/#\/schema\/logo\/image\/\",\"url\":\"https:\/\/www.charminly.com\/wp-content\/uploads\/2014\/10\/logo.png\",\"contentUrl\":\"https:\/\/www.charminly.com\/wp-content\/uploads\/2014\/10\/logo.png\",\"width\":264,\"height\":115,\"caption\":\"Charminly.com\"},\"image\":{\"@id\":\"https:\/\/www.charminly.com\/fr\/#\/schema\/logo\/image\/\"},\"sameAs\":[\"https:\/\/www.facebook.com\/charminlyitalia\/\",\"https:\/\/x.com\/charminly_com\"]}]}<\/script>\n<!-- \/ Yoast SEO plugin. -->","yoast_head_json":{"title":"Charminly your world hotels of charme in Italy","robots":{"index":"index","follow":"follow","max-snippet":"max-snippet:-1","max-image-preview":"max-image-preview:large","max-video-preview":"max-video-preview:-1"},"canonical":"https:\/\/www.charminly.com\/fr\/philosophie\/","og_locale":"fr_FR","og_type":"article","og_title":"Charminly your world hotels of charme in Italy","og_description":"[vc_row][vc_column][vc_column_text] Charminly\u00a0n\u2019est pas un portail mais un monde : Un monde o\u00f9 vous trouverez de petites structures de charme que nous avons personnellement s\u00e9lectionn\u00e9es, une par une. Relais, bed & breakfast ou agritourisme, au-del\u00e0 de leur typologie, ces structures ont leur propre style, leur caract\u00e8re, leur histoire. Mais elles ont en commun une atmosph\u00e8re chaleureuse et accueillante et vous offriront le sentiment d&rsquo;\u00eatre chez ...","og_url":"https:\/\/www.charminly.com\/fr\/philosophie\/","article_publisher":"https:\/\/www.facebook.com\/charminlyitalia\/","article_modified_time":"2018-03-31T07:48:45+00:00","twitter_card":"summary_large_image","twitter_site":"@charminly_com","twitter_misc":{"Dur\u00e9e de lecture estim\u00e9e":"1 minute"},"schema":{"@context":"https:\/\/schema.org","@graph":[{"@type":"WebPage","@id":"https:\/\/www.charminly.com\/fr\/philosophie\/","url":"https:\/\/www.charminly.com\/fr\/philosophie\/","name":"Charminly your world hotels of charme in Italy","isPartOf":{"@id":"https:\/\/www.charminly.com\/fr\/#website"},"datePublished":"2015-01-07T13:57:02+00:00","dateModified":"2018-03-31T07:48:45+00:00","breadcrumb":{"@id":"https:\/\/www.charminly.com\/fr\/philosophie\/#breadcrumb"},"inLanguage":"fr-FR","potentialAction":[{"@type":"ReadAction","target":["https:\/\/www.charminly.com\/fr\/philosophie\/"]}]},{"@type":"BreadcrumbList","@id":"https:\/\/www.charminly.com\/fr\/philosophie\/#breadcrumb","itemListElement":[{"@type":"ListItem","position":1,"name":"Home","item":"https:\/\/www.charminly.com\/fr\/"},{"@type":"ListItem","position":2,"name":"Philosophie"}]},{"@type":"WebSite","@id":"https:\/\/www.charminly.com\/fr\/#website","url":"https:\/\/www.charminly.com\/fr\/","name":"","description":"","publisher":{"@id":"https:\/\/www.charminly.com\/fr\/#organization"},"potentialAction":[{"@type":"SearchAction","target":{"@type":"EntryPoint","urlTemplate":"https:\/\/www.charminly.com\/fr\/?s={search_term_string}"},"query-input":{"@type":"PropertyValueSpecification","valueRequired":true,"valueName":"search_term_string"}}],"inLanguage":"fr-FR"},{"@type":"Organization","@id":"https:\/\/www.charminly.com\/fr\/#organization","name":"Charminly.com","url":"https:\/\/www.charminly.com\/fr\/","logo":{"@type":"ImageObject","inLanguage":"fr-FR","@id":"https:\/\/www.charminly.com\/fr\/#\/schema\/logo\/image\/","url":"https:\/\/www.charminly.com\/wp-content\/uploads\/2014\/10\/logo.png","contentUrl":"https:\/\/www.charminly.com\/wp-content\/uploads\/2014\/10\/logo.png","width":264,"height":115,"caption":"Charminly.com"},"image":{"@id":"https:\/\/www.charminly.com\/fr\/#\/schema\/logo\/image\/"},"sameAs":["https:\/\/www.facebook.com\/charminlyitalia\/","https:\/\/x.com\/charminly_com"]}]}},"_links":{"self":[{"href":"https:\/\/www.charminly.com\/fr\/wp-json\/wp\/v2\/pages\/26877","targetHints":{"allow":["GET"]}}],"collection":[{"href":"https:\/\/www.charminly.com\/fr\/wp-json\/wp\/v2\/pages"}],"about":[{"href":"https:\/\/www.charminly.com\/fr\/wp-json\/wp\/v2\/types\/page"}],"author":[{"embeddable":true,"href":"https:\/\/www.charminly.com\/fr\/wp-json\/wp\/v2\/users\/2"}],"replies":[{"embeddable":true,"href":"https:\/\/www.charminly.com\/fr\/wp-json\/wp\/v2\/comments?post=26877"}],"version-history":[{"count":0,"href":"https:\/\/www.charminly.com\/fr\/wp-json\/wp\/v2\/pages\/26877\/revisions"}],"wp:featuredmedia":[{"embeddable":true,"href":"https:\/\/www.charminly.com\/fr\/wp-json\/"}],"wp:attachment":[{"href":"https:\/\/www.charminly.com\/fr\/wp-json\/wp\/v2\/media?parent=26877"}],"curies":[{"name":"wp","href":"https:\/\/api.w.org\/{rel}","templated":true}]}}