{"id":26868,"date":"2015-01-07T14:49:45","date_gmt":"2015-01-07T13:49:45","guid":{"rendered":"https:\/\/www.charminly.com\/about-us\/"},"modified":"2018-03-31T09:47:27","modified_gmt":"2018-03-31T07:47:27","slug":"propos-de-nous","status":"publish","type":"page","link":"https:\/\/www.charminly.com\/fr\/propos-de-nous\/","title":{"rendered":"\u00c0 propos de nous"},"content":{"rendered":"<div class=\"wpb-content-wrapper\"><p>[vc_row][vc_column]<div class=\"spacer\" style=\"height:20px;\"><\/div>[vc_column_text]Je m&rsquo;appelle <strong>Carolina<\/strong>.<\/p>\n<p>Apr\u00e8s avoir travaill\u00e9 pendant quinze ans dans le monde de la vente et du marketing h\u00f4teliers au niveau international et avoir voyag\u00e9 et connu principalement des Pays \u00e9trangers, j&rsquo;ai \u00e9t\u00e9 pendant plusieurs ann\u00e9es Responsable du d\u00e9veloppement &#8211; Italie d&rsquo;une marque h\u00f4teli\u00e8re de charme tr\u00e8s renomm\u00e9e. Cela m&rsquo;a permis de conna\u00eetre ce monde merveilleux et surtout d&rsquo;explorer notre Pays.<\/p>\n<p>J\u2019ai alors d\u00e9couvert que le Monde du Charme est consid\u00e9r\u00e9 comme \u00e9tant synonyme de luxe et d&rsquo;exclusivit\u00e9, et, en tant que tel, inapprochable, mais aussi que la richesse immense et la diversit\u00e9 artistique, culturelle, gastronomique et \u0153nologie ainsi que la vari\u00e9t\u00e9 des paysages de l&rsquo;Italie sont encore inconnues \u00e0 la plupart.<\/p>\n<p>Support\u00e9e par le savoir-faire et la cr\u00e9ativit\u00e9 de <strong>Roberto<\/strong>, mon compagnon, et par des professionnels pleins d&rsquo;enthousiasme, j\u2019ai donc eu l&rsquo;id\u00e9e de cr\u00e9er mon monde de charme, o\u00f9 les structures ne sont pas class\u00e9es par \u00e9toile, mais o\u00f9 ce qui compte est la chaleur, l\u2019accueil, le respect, le soin du d\u00e9tail, le partage.<\/p>\n<p>C&rsquo;est ainsi que <strong>Charminly<\/strong> est n\u00e9e : <strong>Charm in Italy<\/strong>, un monde accessible \u00e0 tous ceux qui recherchent l&rsquo;authenticit\u00e9 et la passion, loin des distorsions de notre \u00e9poque. Un monde o\u00f9 il est possible de retrouver la chaleur et l&rsquo;hospitalit\u00e9 d&rsquo;autrefois et qui, en quelques clics, vous invite \u00e0 d\u00e9couvrir la culture, l&rsquo;art, les traditions, la nature et les saveurs d\u2019endroits magnifiques.[\/vc_column_text][\/vc_column][\/vc_row]<\/p>\n<\/div>","protected":false},"excerpt":{"rendered":"<p>[vc_row][vc_column][vc_column_text]Je m&rsquo;appelle Carolina. Apr\u00e8s avoir travaill\u00e9 pendant quinze ans dans le monde de la vente et du marketing h\u00f4teliers au niveau international et avoir voyag\u00e9 et connu principalement des Pays \u00e9trangers, j&rsquo;ai \u00e9t\u00e9 pendant plusieurs ann\u00e9es Responsable du d\u00e9veloppement &#8211; Italie d&rsquo;une marque h\u00f4teli\u00e8re de charme tr\u00e8s renomm\u00e9e. Cela m&rsquo;a permis de conna\u00eetre ce monde merveilleux et surtout d&rsquo;explorer notre Pays. J\u2019ai alors d\u00e9couvert &#8230;<\/p>\n","protected":false},"author":2,"featured_media":-1,"parent":0,"menu_order":0,"comment_status":"closed","ping_status":"closed","template":"","meta":{"_acf_changed":false,"footnotes":""},"class_list":["post-26868","page","type-page","status-publish","has-post-thumbnail","hentry"],"acf":[],"yoast_head":"<!-- This site is optimized with the Yoast SEO plugin v23.9 - https:\/\/yoast.com\/wordpress\/plugins\/seo\/ -->\n<title>\u00c0 propos de nous | Charm-in-Italy | Charminly.com<\/title>\n<meta name=\"description\" content=\"Charminly.com is an attainable world for those who are seeking for authenticity and passion away from the ugliness of city life.\" \/>\n<meta name=\"robots\" content=\"index, follow, max-snippet:-1, max-image-preview:large, max-video-preview:-1\" \/>\n<link rel=\"canonical\" href=\"https:\/\/www.charminly.com\/fr\/propos-de-nous\/\" \/>\n<meta property=\"og:locale\" content=\"fr_FR\" \/>\n<meta property=\"og:type\" content=\"article\" \/>\n<meta property=\"og:title\" content=\"\u00c0 propos de nous | Charm-in-Italy | Charminly.com\" \/>\n<meta property=\"og:description\" content=\"Charminly.com is an attainable world for those who are seeking for authenticity and passion away from the ugliness of city life.\" \/>\n<meta property=\"og:url\" content=\"https:\/\/www.charminly.com\/fr\/propos-de-nous\/\" \/>\n<meta property=\"article:publisher\" content=\"https:\/\/www.facebook.com\/charminlyitalia\/\" \/>\n<meta property=\"article:modified_time\" content=\"2018-03-31T07:47:27+00:00\" \/>\n<meta name=\"twitter:card\" content=\"summary_large_image\" \/>\n<meta name=\"twitter:site\" content=\"@charminly_com\" \/>\n<meta name=\"twitter:label1\" content=\"Dur\u00e9e de lecture estim\u00e9e\" \/>\n\t<meta name=\"twitter:data1\" content=\"1 minute\" \/>\n<script type=\"application\/ld+json\" class=\"yoast-schema-graph\">{\"@context\":\"https:\/\/schema.org\",\"@graph\":[{\"@type\":\"WebPage\",\"@id\":\"https:\/\/www.charminly.com\/fr\/propos-de-nous\/\",\"url\":\"https:\/\/www.charminly.com\/fr\/propos-de-nous\/\",\"name\":\"\u00c0 propos de nous | Charm-in-Italy | Charminly.com\",\"isPartOf\":{\"@id\":\"https:\/\/www.charminly.com\/fr\/#website\"},\"datePublished\":\"2015-01-07T13:49:45+00:00\",\"dateModified\":\"2018-03-31T07:47:27+00:00\",\"description\":\"Charminly.com is an attainable world for those who are seeking for authenticity and passion away from the ugliness of city life.\",\"breadcrumb\":{\"@id\":\"https:\/\/www.charminly.com\/fr\/propos-de-nous\/#breadcrumb\"},\"inLanguage\":\"fr-FR\",\"potentialAction\":[{\"@type\":\"ReadAction\",\"target\":[\"https:\/\/www.charminly.com\/fr\/propos-de-nous\/\"]}]},{\"@type\":\"BreadcrumbList\",\"@id\":\"https:\/\/www.charminly.com\/fr\/propos-de-nous\/#breadcrumb\",\"itemListElement\":[{\"@type\":\"ListItem\",\"position\":1,\"name\":\"Home\",\"item\":\"https:\/\/www.charminly.com\/fr\/\"},{\"@type\":\"ListItem\",\"position\":2,\"name\":\"\u00c0 propos de nous\"}]},{\"@type\":\"WebSite\",\"@id\":\"https:\/\/www.charminly.com\/fr\/#website\",\"url\":\"https:\/\/www.charminly.com\/fr\/\",\"name\":\"\",\"description\":\"\",\"publisher\":{\"@id\":\"https:\/\/www.charminly.com\/fr\/#organization\"},\"potentialAction\":[{\"@type\":\"SearchAction\",\"target\":{\"@type\":\"EntryPoint\",\"urlTemplate\":\"https:\/\/www.charminly.com\/fr\/?s={search_term_string}\"},\"query-input\":{\"@type\":\"PropertyValueSpecification\",\"valueRequired\":true,\"valueName\":\"search_term_string\"}}],\"inLanguage\":\"fr-FR\"},{\"@type\":\"Organization\",\"@id\":\"https:\/\/www.charminly.com\/fr\/#organization\",\"name\":\"Charminly.com\",\"url\":\"https:\/\/www.charminly.com\/fr\/\",\"logo\":{\"@type\":\"ImageObject\",\"inLanguage\":\"fr-FR\",\"@id\":\"https:\/\/www.charminly.com\/fr\/#\/schema\/logo\/image\/\",\"url\":\"https:\/\/www.charminly.com\/wp-content\/uploads\/2014\/10\/logo.png\",\"contentUrl\":\"https:\/\/www.charminly.com\/wp-content\/uploads\/2014\/10\/logo.png\",\"width\":264,\"height\":115,\"caption\":\"Charminly.com\"},\"image\":{\"@id\":\"https:\/\/www.charminly.com\/fr\/#\/schema\/logo\/image\/\"},\"sameAs\":[\"https:\/\/www.facebook.com\/charminlyitalia\/\",\"https:\/\/x.com\/charminly_com\"]}]}<\/script>\n<!-- \/ Yoast SEO plugin. -->","yoast_head_json":{"title":"\u00c0 propos de nous | Charm-in-Italy | Charminly.com","description":"Charminly.com is an attainable world for those who are seeking for authenticity and passion away from the ugliness of city life.","robots":{"index":"index","follow":"follow","max-snippet":"max-snippet:-1","max-image-preview":"max-image-preview:large","max-video-preview":"max-video-preview:-1"},"canonical":"https:\/\/www.charminly.com\/fr\/propos-de-nous\/","og_locale":"fr_FR","og_type":"article","og_title":"\u00c0 propos de nous | Charm-in-Italy | Charminly.com","og_description":"Charminly.com is an attainable world for those who are seeking for authenticity and passion away from the ugliness of city life.","og_url":"https:\/\/www.charminly.com\/fr\/propos-de-nous\/","article_publisher":"https:\/\/www.facebook.com\/charminlyitalia\/","article_modified_time":"2018-03-31T07:47:27+00:00","twitter_card":"summary_large_image","twitter_site":"@charminly_com","twitter_misc":{"Dur\u00e9e de lecture estim\u00e9e":"1 minute"},"schema":{"@context":"https:\/\/schema.org","@graph":[{"@type":"WebPage","@id":"https:\/\/www.charminly.com\/fr\/propos-de-nous\/","url":"https:\/\/www.charminly.com\/fr\/propos-de-nous\/","name":"\u00c0 propos de nous | Charm-in-Italy | Charminly.com","isPartOf":{"@id":"https:\/\/www.charminly.com\/fr\/#website"},"datePublished":"2015-01-07T13:49:45+00:00","dateModified":"2018-03-31T07:47:27+00:00","description":"Charminly.com is an attainable world for those who are seeking for authenticity and passion away from the ugliness of city life.","breadcrumb":{"@id":"https:\/\/www.charminly.com\/fr\/propos-de-nous\/#breadcrumb"},"inLanguage":"fr-FR","potentialAction":[{"@type":"ReadAction","target":["https:\/\/www.charminly.com\/fr\/propos-de-nous\/"]}]},{"@type":"BreadcrumbList","@id":"https:\/\/www.charminly.com\/fr\/propos-de-nous\/#breadcrumb","itemListElement":[{"@type":"ListItem","position":1,"name":"Home","item":"https:\/\/www.charminly.com\/fr\/"},{"@type":"ListItem","position":2,"name":"\u00c0 propos de nous"}]},{"@type":"WebSite","@id":"https:\/\/www.charminly.com\/fr\/#website","url":"https:\/\/www.charminly.com\/fr\/","name":"","description":"","publisher":{"@id":"https:\/\/www.charminly.com\/fr\/#organization"},"potentialAction":[{"@type":"SearchAction","target":{"@type":"EntryPoint","urlTemplate":"https:\/\/www.charminly.com\/fr\/?s={search_term_string}"},"query-input":{"@type":"PropertyValueSpecification","valueRequired":true,"valueName":"search_term_string"}}],"inLanguage":"fr-FR"},{"@type":"Organization","@id":"https:\/\/www.charminly.com\/fr\/#organization","name":"Charminly.com","url":"https:\/\/www.charminly.com\/fr\/","logo":{"@type":"ImageObject","inLanguage":"fr-FR","@id":"https:\/\/www.charminly.com\/fr\/#\/schema\/logo\/image\/","url":"https:\/\/www.charminly.com\/wp-content\/uploads\/2014\/10\/logo.png","contentUrl":"https:\/\/www.charminly.com\/wp-content\/uploads\/2014\/10\/logo.png","width":264,"height":115,"caption":"Charminly.com"},"image":{"@id":"https:\/\/www.charminly.com\/fr\/#\/schema\/logo\/image\/"},"sameAs":["https:\/\/www.facebook.com\/charminlyitalia\/","https:\/\/x.com\/charminly_com"]}]}},"_links":{"self":[{"href":"https:\/\/www.charminly.com\/fr\/wp-json\/wp\/v2\/pages\/26868","targetHints":{"allow":["GET"]}}],"collection":[{"href":"https:\/\/www.charminly.com\/fr\/wp-json\/wp\/v2\/pages"}],"about":[{"href":"https:\/\/www.charminly.com\/fr\/wp-json\/wp\/v2\/types\/page"}],"author":[{"embeddable":true,"href":"https:\/\/www.charminly.com\/fr\/wp-json\/wp\/v2\/users\/2"}],"replies":[{"embeddable":true,"href":"https:\/\/www.charminly.com\/fr\/wp-json\/wp\/v2\/comments?post=26868"}],"version-history":[{"count":0,"href":"https:\/\/www.charminly.com\/fr\/wp-json\/wp\/v2\/pages\/26868\/revisions"}],"wp:featuredmedia":[{"embeddable":true,"href":"https:\/\/www.charminly.com\/fr\/wp-json\/"}],"wp:attachment":[{"href":"https:\/\/www.charminly.com\/fr\/wp-json\/wp\/v2\/media?parent=26868"}],"curies":[{"name":"wp","href":"https:\/\/api.w.org\/{rel}","templated":true}]}}