{"id":2900,"date":"2015-01-07T14:57:02","date_gmt":"2015-01-07T13:57:02","guid":{"rendered":"https:\/\/www.charminly.com\/filosofia-2\/"},"modified":"2016-03-14T14:56:41","modified_gmt":"2016-03-14T13:56:41","slug":"unsere-philosophie","status":"publish","type":"page","link":"https:\/\/www.charminly.com\/de\/unsere-philosophie\/","title":{"rendered":"Unsere Philosophie"},"content":{"rendered":"<h5><strong>Charminly<\/strong> ist nicht ein Portal, sondern eine Welt:<\/h5>\n<p>Eine Welt, in der Sie \u00fcberschaubare reizvolle Behausungen finden werden, die wir pers\u00f6nlich f\u00fcr Sie ausgesucht haben.<\/p>\n<h5><strong>Charminly<\/strong>\u00a0hat seine eigene Gestalt und Rhythmus:<\/h5>\n<p>Die Besitzer, die alten Landh\u00e4usern und Villen neues Leben einhauchten, sind fest in ihrer Heimat verwurzelt. Sie sind Wahrer althergebrachter Werte und hei\u00dfen Sie pers\u00f6nlich will-kommen. Auch erz\u00e4hlen sie Ihnen gerne Geschichten zu ihren H\u00e4usern.<\/p>\n<h5><strong>Charminly<\/strong> ist keine Marke, sondern eine Lebensweise:<\/h5>\n<p>Bildung, Kultur, Respekt gegen\u00fcber anderen und Umgebung, Gastfreundschaft, W\u00e4rme und Einf\u00fchlungsverm\u00f6gen sind die Eckpfeiler unserer Philosophie, deren Werte wir mit unseren G\u00e4sten teilen m\u00f6chten.<\/p>\n<h5><strong>Charminly<\/strong> bedeutet nicht nur Gastfreundschaft sondern viel mehr:<\/h5>\n<p>Kunst, Kultur, Geschichte, Atmosph\u00e4re, Natur und Tradition. Unsere G\u00e4ste sind besondere Menschen: Voller Achtung vor der Geschichte ihrer Gastgeber, sind sie daran interessiert, die Sch\u00f6nheiten der sie umgebenden Landschaft zu entdecken, des unverf\u00e4lschten Italiens!<\/p>\n<h5>Jede Gegend gleicht einer Schatztruhe. Wir laden Sie ein sie mit uns zu erkunden.<\/h5>\n","protected":false},"excerpt":{"rendered":"<p>Charminly ist nicht ein Portal, sondern eine Welt: Eine Welt, in der Sie \u00fcberschaubare reizvolle Behausungen finden werden, die wir pers\u00f6nlich f\u00fcr Sie ausgesucht haben. Charminly\u00a0hat seine eigene Gestalt und Rhythmus: Die Besitzer, die alten Landh\u00e4usern und Villen neues Leben einhauchten, sind fest in ihrer Heimat verwurzelt. Sie sind Wahrer althergebrachter Werte und hei\u00dfen Sie pers\u00f6nlich will-kommen. Auch erz\u00e4hlen sie Ihnen gerne Geschichten zu &#8230;<\/p>\n","protected":false},"author":2,"featured_media":0,"parent":0,"menu_order":0,"comment_status":"closed","ping_status":"closed","template":"","meta":{"_acf_changed":false,"footnotes":""},"class_list":["post-2900","page","type-page","status-publish","hentry"],"acf":[],"yoast_head":"<!-- This site is optimized with the Yoast SEO plugin v23.9 - https:\/\/yoast.com\/wordpress\/plugins\/seo\/ -->\n<title>Charminly ihre welt hotel mit Charme in Italien<\/title>\n<meta name=\"robots\" content=\"index, follow, max-snippet:-1, max-image-preview:large, max-video-preview:-1\" \/>\n<link rel=\"canonical\" href=\"https:\/\/www.charminly.com\/de\/unsere-philosophie\/\" \/>\n<meta property=\"og:locale\" content=\"de_DE\" \/>\n<meta property=\"og:type\" content=\"article\" \/>\n<meta property=\"og:title\" content=\"Charminly ihre welt hotel mit Charme in Italien\" \/>\n<meta property=\"og:description\" content=\"Charminly ist nicht ein Portal, sondern eine Welt: Eine Welt, in der Sie \u00fcberschaubare reizvolle Behausungen finden werden, die wir pers\u00f6nlich f\u00fcr Sie ausgesucht haben. Charminly\u00a0hat seine eigene Gestalt und Rhythmus: Die Besitzer, die alten Landh\u00e4usern und Villen neues Leben einhauchten, sind fest in ihrer Heimat verwurzelt. Sie sind Wahrer althergebrachter Werte und hei\u00dfen Sie pers\u00f6nlich will-kommen. Auch erz\u00e4hlen sie Ihnen gerne Geschichten zu ...\" \/>\n<meta property=\"og:url\" content=\"https:\/\/www.charminly.com\/de\/unsere-philosophie\/\" \/>\n<meta property=\"article:publisher\" content=\"https:\/\/www.facebook.com\/charminlyitalia\/\" \/>\n<meta property=\"article:modified_time\" content=\"2016-03-14T13:56:41+00:00\" \/>\n<meta name=\"twitter:card\" content=\"summary_large_image\" \/>\n<meta name=\"twitter:site\" content=\"@charminly_com\" \/>\n<meta name=\"twitter:label1\" content=\"Gesch\u00e4tzte Lesezeit\" \/>\n\t<meta name=\"twitter:data1\" content=\"1\u00a0Minute\" \/>\n<script type=\"application\/ld+json\" class=\"yoast-schema-graph\">{\"@context\":\"https:\/\/schema.org\",\"@graph\":[{\"@type\":\"WebPage\",\"@id\":\"https:\/\/www.charminly.com\/de\/unsere-philosophie\/\",\"url\":\"https:\/\/www.charminly.com\/de\/unsere-philosophie\/\",\"name\":\"Charminly ihre welt hotel mit Charme in Italien\",\"isPartOf\":{\"@id\":\"https:\/\/www.charminly.com\/de\/#website\"},\"datePublished\":\"2015-01-07T13:57:02+00:00\",\"dateModified\":\"2016-03-14T13:56:41+00:00\",\"breadcrumb\":{\"@id\":\"https:\/\/www.charminly.com\/de\/unsere-philosophie\/#breadcrumb\"},\"inLanguage\":\"de\",\"potentialAction\":[{\"@type\":\"ReadAction\",\"target\":[\"https:\/\/www.charminly.com\/de\/unsere-philosophie\/\"]}]},{\"@type\":\"BreadcrumbList\",\"@id\":\"https:\/\/www.charminly.com\/de\/unsere-philosophie\/#breadcrumb\",\"itemListElement\":[{\"@type\":\"ListItem\",\"position\":1,\"name\":\"Home\",\"item\":\"https:\/\/www.charminly.com\/de\/\"},{\"@type\":\"ListItem\",\"position\":2,\"name\":\"Unsere Philosophie\"}]},{\"@type\":\"WebSite\",\"@id\":\"https:\/\/www.charminly.com\/de\/#website\",\"url\":\"https:\/\/www.charminly.com\/de\/\",\"name\":\"\",\"description\":\"\",\"publisher\":{\"@id\":\"https:\/\/www.charminly.com\/de\/#organization\"},\"potentialAction\":[{\"@type\":\"SearchAction\",\"target\":{\"@type\":\"EntryPoint\",\"urlTemplate\":\"https:\/\/www.charminly.com\/de\/?s={search_term_string}\"},\"query-input\":{\"@type\":\"PropertyValueSpecification\",\"valueRequired\":true,\"valueName\":\"search_term_string\"}}],\"inLanguage\":\"de\"},{\"@type\":\"Organization\",\"@id\":\"https:\/\/www.charminly.com\/de\/#organization\",\"name\":\"Charminly.com\",\"url\":\"https:\/\/www.charminly.com\/de\/\",\"logo\":{\"@type\":\"ImageObject\",\"inLanguage\":\"de\",\"@id\":\"https:\/\/www.charminly.com\/de\/#\/schema\/logo\/image\/\",\"url\":\"https:\/\/www.charminly.com\/wp-content\/uploads\/2014\/10\/logo.png\",\"contentUrl\":\"https:\/\/www.charminly.com\/wp-content\/uploads\/2014\/10\/logo.png\",\"width\":264,\"height\":115,\"caption\":\"Charminly.com\"},\"image\":{\"@id\":\"https:\/\/www.charminly.com\/de\/#\/schema\/logo\/image\/\"},\"sameAs\":[\"https:\/\/www.facebook.com\/charminlyitalia\/\",\"https:\/\/x.com\/charminly_com\"]}]}<\/script>\n<!-- \/ Yoast SEO plugin. -->","yoast_head_json":{"title":"Charminly ihre welt hotel mit Charme in Italien","robots":{"index":"index","follow":"follow","max-snippet":"max-snippet:-1","max-image-preview":"max-image-preview:large","max-video-preview":"max-video-preview:-1"},"canonical":"https:\/\/www.charminly.com\/de\/unsere-philosophie\/","og_locale":"de_DE","og_type":"article","og_title":"Charminly ihre welt hotel mit Charme in Italien","og_description":"Charminly ist nicht ein Portal, sondern eine Welt: Eine Welt, in der Sie \u00fcberschaubare reizvolle Behausungen finden werden, die wir pers\u00f6nlich f\u00fcr Sie ausgesucht haben. Charminly\u00a0hat seine eigene Gestalt und Rhythmus: Die Besitzer, die alten Landh\u00e4usern und Villen neues Leben einhauchten, sind fest in ihrer Heimat verwurzelt. Sie sind Wahrer althergebrachter Werte und hei\u00dfen Sie pers\u00f6nlich will-kommen. Auch erz\u00e4hlen sie Ihnen gerne Geschichten zu ...","og_url":"https:\/\/www.charminly.com\/de\/unsere-philosophie\/","article_publisher":"https:\/\/www.facebook.com\/charminlyitalia\/","article_modified_time":"2016-03-14T13:56:41+00:00","twitter_card":"summary_large_image","twitter_site":"@charminly_com","twitter_misc":{"Gesch\u00e4tzte Lesezeit":"1\u00a0Minute"},"schema":{"@context":"https:\/\/schema.org","@graph":[{"@type":"WebPage","@id":"https:\/\/www.charminly.com\/de\/unsere-philosophie\/","url":"https:\/\/www.charminly.com\/de\/unsere-philosophie\/","name":"Charminly ihre welt hotel mit Charme in Italien","isPartOf":{"@id":"https:\/\/www.charminly.com\/de\/#website"},"datePublished":"2015-01-07T13:57:02+00:00","dateModified":"2016-03-14T13:56:41+00:00","breadcrumb":{"@id":"https:\/\/www.charminly.com\/de\/unsere-philosophie\/#breadcrumb"},"inLanguage":"de","potentialAction":[{"@type":"ReadAction","target":["https:\/\/www.charminly.com\/de\/unsere-philosophie\/"]}]},{"@type":"BreadcrumbList","@id":"https:\/\/www.charminly.com\/de\/unsere-philosophie\/#breadcrumb","itemListElement":[{"@type":"ListItem","position":1,"name":"Home","item":"https:\/\/www.charminly.com\/de\/"},{"@type":"ListItem","position":2,"name":"Unsere Philosophie"}]},{"@type":"WebSite","@id":"https:\/\/www.charminly.com\/de\/#website","url":"https:\/\/www.charminly.com\/de\/","name":"","description":"","publisher":{"@id":"https:\/\/www.charminly.com\/de\/#organization"},"potentialAction":[{"@type":"SearchAction","target":{"@type":"EntryPoint","urlTemplate":"https:\/\/www.charminly.com\/de\/?s={search_term_string}"},"query-input":{"@type":"PropertyValueSpecification","valueRequired":true,"valueName":"search_term_string"}}],"inLanguage":"de"},{"@type":"Organization","@id":"https:\/\/www.charminly.com\/de\/#organization","name":"Charminly.com","url":"https:\/\/www.charminly.com\/de\/","logo":{"@type":"ImageObject","inLanguage":"de","@id":"https:\/\/www.charminly.com\/de\/#\/schema\/logo\/image\/","url":"https:\/\/www.charminly.com\/wp-content\/uploads\/2014\/10\/logo.png","contentUrl":"https:\/\/www.charminly.com\/wp-content\/uploads\/2014\/10\/logo.png","width":264,"height":115,"caption":"Charminly.com"},"image":{"@id":"https:\/\/www.charminly.com\/de\/#\/schema\/logo\/image\/"},"sameAs":["https:\/\/www.facebook.com\/charminlyitalia\/","https:\/\/x.com\/charminly_com"]}]}},"_links":{"self":[{"href":"https:\/\/www.charminly.com\/de\/wp-json\/wp\/v2\/pages\/2900","targetHints":{"allow":["GET"]}}],"collection":[{"href":"https:\/\/www.charminly.com\/de\/wp-json\/wp\/v2\/pages"}],"about":[{"href":"https:\/\/www.charminly.com\/de\/wp-json\/wp\/v2\/types\/page"}],"author":[{"embeddable":true,"href":"https:\/\/www.charminly.com\/de\/wp-json\/wp\/v2\/users\/2"}],"replies":[{"embeddable":true,"href":"https:\/\/www.charminly.com\/de\/wp-json\/wp\/v2\/comments?post=2900"}],"version-history":[{"count":0,"href":"https:\/\/www.charminly.com\/de\/wp-json\/wp\/v2\/pages\/2900\/revisions"}],"wp:attachment":[{"href":"https:\/\/www.charminly.com\/de\/wp-json\/wp\/v2\/media?parent=2900"}],"curies":[{"name":"wp","href":"https:\/\/api.w.org\/{rel}","templated":true}]}}