{"id":2893,"date":"2015-01-07T14:49:45","date_gmt":"2015-01-07T13:49:45","guid":{"rendered":"https:\/\/www.charminly.com\/chi-siamo-3\/"},"modified":"2015-02-02T18:37:46","modified_gmt":"2015-02-02T17:37:46","slug":"uber-uns","status":"publish","type":"page","link":"https:\/\/www.charminly.com\/de\/uber-uns\/","title":{"rendered":"\u00dcber uns"},"content":{"rendered":"<div class=\"wpb-content-wrapper\"><p>[vc_row][vc_column width=&#8220;1\/1&#8243;]<div class=\"spacer\" style=\"height:20px;\"><\/div>[vc_column_text]Mein Name ist <strong>Carolina<\/strong>.<\/p>\n<p>Nachdem ich f\u00fcnfzehn Jahre im Hotel-Marketing t\u00e4tig war und viele L\u00e4nder bereiste, arbeitete ich mehrere Jahre im Entwicklungsmanagement einer wohlbekannten exklusiven Hotelkette von Charme in Italien. Durch meine T\u00e4tigkeit war ich in der gl\u00fccklichen Lage jene Welt und vor allem mein Heimatland zu erkunden.<\/p>\n<p>Ich fand heraus, dass World of Charme allgemein mit Luxus und Exklusivit\u00e4t gleichgesetzt wird und somit als unerreichbar gilt. Aber ich entdeckte auch, dass der unsch\u00e4tzbare Reichtum und die Vielfalt von Kunst, Kultur, Landschaft, Essen und Wein Italiens den meisten Leuten noch nicht bekannt ist.<\/p>\n<p>So entstand mit der professionellen Kreativit\u00e4t meines Partners <strong>Roberto<\/strong> und mit der Hilfe von anderen begeisterungsf\u00e4higen Leuten die Idee meine eigene World of Charme ins Leben zu rufen, eine Welt, wo die Unterk\u00fcnfte nicht mit Sternen der Bewertungsskala gemessen werden, sondern wo Herzlichkeit, Gastfreundschaft, Respekt und Liebe zum Detail z\u00e4hlen.<\/p>\n<p>So wurde <strong>Charminly<\/strong> geboren: <strong>Charme in Italien<\/strong>, eine Welt, die zug\u00e4nglich f\u00fcr alle ist, die das Echte und Gef\u00fchlvolle suchen, die der N\u00fcchternheit der modernen Welt entfliehen wollen. Eine Welt, in der Sie althergebrachte Herzlichkeit und Gastfreundschaft finden und die Sie mit wenigen Schritten einl\u00e4dt Kultur, Kunst, Tradition, Natur und Stimmung herrlicher Landschaften zu entdecken.ein[\/vc_column_text][\/vc_column][\/vc_row]<\/p>\n<\/div>","protected":false},"excerpt":{"rendered":"<p>[vc_row][vc_column width=&#8220;1\/1&#8243;][vc_column_text]Mein Name ist Carolina. Nachdem ich f\u00fcnfzehn Jahre im Hotel-Marketing t\u00e4tig war und viele L\u00e4nder bereiste, arbeitete ich mehrere Jahre im Entwicklungsmanagement einer wohlbekannten exklusiven Hotelkette von Charme in Italien. Durch meine T\u00e4tigkeit war ich in der gl\u00fccklichen Lage jene Welt und vor allem mein Heimatland zu erkunden. Ich fand heraus, dass World of Charme allgemein mit Luxus und Exklusivit\u00e4t gleichgesetzt wird und &#8230;<\/p>\n","protected":false},"author":2,"featured_media":0,"parent":0,"menu_order":0,"comment_status":"closed","ping_status":"closed","template":"","meta":{"_acf_changed":false,"footnotes":""},"class_list":["post-2893","page","type-page","status-publish","hentry"],"acf":[],"yoast_head":"<!-- This site is optimized with the Yoast SEO plugin v23.9 - https:\/\/yoast.com\/wordpress\/plugins\/seo\/ -->\n<title>Charminly: Charme in Italien<\/title>\n<meta name=\"robots\" content=\"index, follow, max-snippet:-1, max-image-preview:large, max-video-preview:-1\" \/>\n<link rel=\"canonical\" href=\"https:\/\/www.charminly.com\/de\/uber-uns\/\" \/>\n<meta property=\"og:locale\" content=\"de_DE\" \/>\n<meta property=\"og:type\" content=\"article\" \/>\n<meta property=\"og:title\" content=\"Charminly: Charme in Italien\" \/>\n<meta property=\"og:description\" content=\"[vc_row][vc_column width=&#8220;1\/1&#8243;][vc_column_text]Mein Name ist Carolina. Nachdem ich f\u00fcnfzehn Jahre im Hotel-Marketing t\u00e4tig war und viele L\u00e4nder bereiste, arbeitete ich mehrere Jahre im Entwicklungsmanagement einer wohlbekannten exklusiven Hotelkette von Charme in Italien. Durch meine T\u00e4tigkeit war ich in der gl\u00fccklichen Lage jene Welt und vor allem mein Heimatland zu erkunden. Ich fand heraus, dass World of Charme allgemein mit Luxus und Exklusivit\u00e4t gleichgesetzt wird und ...\" \/>\n<meta property=\"og:url\" content=\"https:\/\/www.charminly.com\/de\/uber-uns\/\" \/>\n<meta property=\"article:publisher\" content=\"https:\/\/www.facebook.com\/charminlyitalia\/\" \/>\n<meta property=\"article:modified_time\" content=\"2015-02-02T17:37:46+00:00\" \/>\n<meta name=\"twitter:card\" content=\"summary_large_image\" \/>\n<meta name=\"twitter:site\" content=\"@charminly_com\" \/>\n<meta name=\"twitter:label1\" content=\"Gesch\u00e4tzte Lesezeit\" \/>\n\t<meta name=\"twitter:data1\" content=\"1\u00a0Minute\" \/>\n<script type=\"application\/ld+json\" class=\"yoast-schema-graph\">{\"@context\":\"https:\/\/schema.org\",\"@graph\":[{\"@type\":\"WebPage\",\"@id\":\"https:\/\/www.charminly.com\/de\/uber-uns\/\",\"url\":\"https:\/\/www.charminly.com\/de\/uber-uns\/\",\"name\":\"Charminly: Charme in Italien\",\"isPartOf\":{\"@id\":\"https:\/\/www.charminly.com\/de\/#website\"},\"datePublished\":\"2015-01-07T13:49:45+00:00\",\"dateModified\":\"2015-02-02T17:37:46+00:00\",\"breadcrumb\":{\"@id\":\"https:\/\/www.charminly.com\/de\/uber-uns\/#breadcrumb\"},\"inLanguage\":\"de\",\"potentialAction\":[{\"@type\":\"ReadAction\",\"target\":[\"https:\/\/www.charminly.com\/de\/uber-uns\/\"]}]},{\"@type\":\"BreadcrumbList\",\"@id\":\"https:\/\/www.charminly.com\/de\/uber-uns\/#breadcrumb\",\"itemListElement\":[{\"@type\":\"ListItem\",\"position\":1,\"name\":\"Home\",\"item\":\"https:\/\/www.charminly.com\/de\/\"},{\"@type\":\"ListItem\",\"position\":2,\"name\":\"\u00dcber uns\"}]},{\"@type\":\"WebSite\",\"@id\":\"https:\/\/www.charminly.com\/de\/#website\",\"url\":\"https:\/\/www.charminly.com\/de\/\",\"name\":\"\",\"description\":\"\",\"publisher\":{\"@id\":\"https:\/\/www.charminly.com\/de\/#organization\"},\"potentialAction\":[{\"@type\":\"SearchAction\",\"target\":{\"@type\":\"EntryPoint\",\"urlTemplate\":\"https:\/\/www.charminly.com\/de\/?s={search_term_string}\"},\"query-input\":{\"@type\":\"PropertyValueSpecification\",\"valueRequired\":true,\"valueName\":\"search_term_string\"}}],\"inLanguage\":\"de\"},{\"@type\":\"Organization\",\"@id\":\"https:\/\/www.charminly.com\/de\/#organization\",\"name\":\"Charminly.com\",\"url\":\"https:\/\/www.charminly.com\/de\/\",\"logo\":{\"@type\":\"ImageObject\",\"inLanguage\":\"de\",\"@id\":\"https:\/\/www.charminly.com\/de\/#\/schema\/logo\/image\/\",\"url\":\"https:\/\/www.charminly.com\/wp-content\/uploads\/2014\/10\/logo.png\",\"contentUrl\":\"https:\/\/www.charminly.com\/wp-content\/uploads\/2014\/10\/logo.png\",\"width\":264,\"height\":115,\"caption\":\"Charminly.com\"},\"image\":{\"@id\":\"https:\/\/www.charminly.com\/de\/#\/schema\/logo\/image\/\"},\"sameAs\":[\"https:\/\/www.facebook.com\/charminlyitalia\/\",\"https:\/\/x.com\/charminly_com\"]}]}<\/script>\n<!-- \/ Yoast SEO plugin. -->","yoast_head_json":{"title":"Charminly: Charme in Italien","robots":{"index":"index","follow":"follow","max-snippet":"max-snippet:-1","max-image-preview":"max-image-preview:large","max-video-preview":"max-video-preview:-1"},"canonical":"https:\/\/www.charminly.com\/de\/uber-uns\/","og_locale":"de_DE","og_type":"article","og_title":"Charminly: Charme in Italien","og_description":"[vc_row][vc_column width=&#8220;1\/1&#8243;][vc_column_text]Mein Name ist Carolina. Nachdem ich f\u00fcnfzehn Jahre im Hotel-Marketing t\u00e4tig war und viele L\u00e4nder bereiste, arbeitete ich mehrere Jahre im Entwicklungsmanagement einer wohlbekannten exklusiven Hotelkette von Charme in Italien. Durch meine T\u00e4tigkeit war ich in der gl\u00fccklichen Lage jene Welt und vor allem mein Heimatland zu erkunden. Ich fand heraus, dass World of Charme allgemein mit Luxus und Exklusivit\u00e4t gleichgesetzt wird und ...","og_url":"https:\/\/www.charminly.com\/de\/uber-uns\/","article_publisher":"https:\/\/www.facebook.com\/charminlyitalia\/","article_modified_time":"2015-02-02T17:37:46+00:00","twitter_card":"summary_large_image","twitter_site":"@charminly_com","twitter_misc":{"Gesch\u00e4tzte Lesezeit":"1\u00a0Minute"},"schema":{"@context":"https:\/\/schema.org","@graph":[{"@type":"WebPage","@id":"https:\/\/www.charminly.com\/de\/uber-uns\/","url":"https:\/\/www.charminly.com\/de\/uber-uns\/","name":"Charminly: Charme in Italien","isPartOf":{"@id":"https:\/\/www.charminly.com\/de\/#website"},"datePublished":"2015-01-07T13:49:45+00:00","dateModified":"2015-02-02T17:37:46+00:00","breadcrumb":{"@id":"https:\/\/www.charminly.com\/de\/uber-uns\/#breadcrumb"},"inLanguage":"de","potentialAction":[{"@type":"ReadAction","target":["https:\/\/www.charminly.com\/de\/uber-uns\/"]}]},{"@type":"BreadcrumbList","@id":"https:\/\/www.charminly.com\/de\/uber-uns\/#breadcrumb","itemListElement":[{"@type":"ListItem","position":1,"name":"Home","item":"https:\/\/www.charminly.com\/de\/"},{"@type":"ListItem","position":2,"name":"\u00dcber uns"}]},{"@type":"WebSite","@id":"https:\/\/www.charminly.com\/de\/#website","url":"https:\/\/www.charminly.com\/de\/","name":"","description":"","publisher":{"@id":"https:\/\/www.charminly.com\/de\/#organization"},"potentialAction":[{"@type":"SearchAction","target":{"@type":"EntryPoint","urlTemplate":"https:\/\/www.charminly.com\/de\/?s={search_term_string}"},"query-input":{"@type":"PropertyValueSpecification","valueRequired":true,"valueName":"search_term_string"}}],"inLanguage":"de"},{"@type":"Organization","@id":"https:\/\/www.charminly.com\/de\/#organization","name":"Charminly.com","url":"https:\/\/www.charminly.com\/de\/","logo":{"@type":"ImageObject","inLanguage":"de","@id":"https:\/\/www.charminly.com\/de\/#\/schema\/logo\/image\/","url":"https:\/\/www.charminly.com\/wp-content\/uploads\/2014\/10\/logo.png","contentUrl":"https:\/\/www.charminly.com\/wp-content\/uploads\/2014\/10\/logo.png","width":264,"height":115,"caption":"Charminly.com"},"image":{"@id":"https:\/\/www.charminly.com\/de\/#\/schema\/logo\/image\/"},"sameAs":["https:\/\/www.facebook.com\/charminlyitalia\/","https:\/\/x.com\/charminly_com"]}]}},"_links":{"self":[{"href":"https:\/\/www.charminly.com\/de\/wp-json\/wp\/v2\/pages\/2893","targetHints":{"allow":["GET"]}}],"collection":[{"href":"https:\/\/www.charminly.com\/de\/wp-json\/wp\/v2\/pages"}],"about":[{"href":"https:\/\/www.charminly.com\/de\/wp-json\/wp\/v2\/types\/page"}],"author":[{"embeddable":true,"href":"https:\/\/www.charminly.com\/de\/wp-json\/wp\/v2\/users\/2"}],"replies":[{"embeddable":true,"href":"https:\/\/www.charminly.com\/de\/wp-json\/wp\/v2\/comments?post=2893"}],"version-history":[{"count":0,"href":"https:\/\/www.charminly.com\/de\/wp-json\/wp\/v2\/pages\/2893\/revisions"}],"wp:attachment":[{"href":"https:\/\/www.charminly.com\/de\/wp-json\/wp\/v2\/media?parent=2893"}],"curies":[{"name":"wp","href":"https:\/\/api.w.org\/{rel}","templated":true}]}}